{"id":10,"date":"2014-05-02T21:10:17","date_gmt":"2014-05-02T21:10:17","guid":{"rendered":"http:\/\/www.lexvelarde.com\/es\/?page_id=10"},"modified":"2019-08-26T21:34:34","modified_gmt":"2019-08-26T21:34:34","slug":"servicios","status":"publish","type":"page","link":"http:\/\/www.lexvelarde.com\/es\/servicios\/","title":{"rendered":"Servicios"},"content":{"rendered":"<h3>La Terapia Emocional, F\u00edsica y Espiritual es un programa completo que no s\u00f3lo ofrece terapia para la Mente sino tambi\u00e9n para el Cuerpo y Alma.<\/h3>\n<h1 style=\"text-align: left;\">Podemos Ayudarle a Superar:<\/h1>\n<h2 style=\"text-align: center;\">Desequilibrios Emocionales<\/h2>\n<p><a href=\"http:\/\/www.lexvelarde.com\/es\/wp-content\/uploads\/2014\/05\/humillar.jpg\"><img loading=\"lazy\" decoding=\"async\" class=\"alignleft size-medium wp-image-55\" src=\"http:\/\/www.lexvelarde.com\/es\/wp-content\/uploads\/2014\/05\/humillar-300x199.jpg\" alt=\"humillar depresion\" width=\"300\" height=\"199\" srcset=\"http:\/\/www.lexvelarde.com\/es\/wp-content\/uploads\/2014\/05\/humillar-300x199.jpg 300w, http:\/\/www.lexvelarde.com\/es\/wp-content\/uploads\/2014\/05\/humillar.jpg 500w\" sizes=\"auto, (max-width: 300px) 100vw, 300px\" \/><\/a><\/p>\n<p>La mejor parte de nuestro m\u00e9todo es que le podemos ayudar a superar desequilibrios emocionales, enfermedades f\u00edsicas o angustias sin tomar ning\u00fan tipo de medicamento. As\u00ed que no tiene que preocuparse de gastar miles de d\u00f3lares en tratamientos, estar al riesgo de efectos secundarios o ser dependiente de alguna droga o medicamento.<\/p>\n<p>Estos son solo algunos Desequilibrios Emocionales:<\/p>\n<table>\n<tbody>\n<tr>\n<td width=\"638\">\n<ul>\n<li>Depresi\u00f3n, Estr\u00e9s<\/li>\n<li>* Problemas Familiares, Matrimoniales o de Parejas<\/li>\n<li>Temperamento<\/li>\n<li>Baja autoestima, P\u00e9rdidas<\/li>\n<li>Ansiedad o Nerviosismo<\/li>\n<li>Inseguridades, Miedos, Rechazo<\/li>\n<li>Adicci\u00f3n, Traumas<\/li>\n<li>Confusi\u00f3n, Fatiga, Pesimismo<\/li>\n<li>Cualquier Inestabilidad Emocional&#8230;<\/li>\n<\/ul>\n<\/td>\n<\/tr>\n<\/tbody>\n<\/table>\n<h2 style=\"text-align: center;\">Enfermedades F\u00edsicas<\/h2>\n<h4>Enfermedades Psicosom\u00e1ticas (Enfermedades del Cuerpo)<\/h4>\n<p><a href=\"http:\/\/www.lexvelarde.com\/es\/wp-content\/uploads\/2014\/05\/dolores-musculares.jpg\"><img loading=\"lazy\" decoding=\"async\" class=\"alignright size-medium wp-image-86\" src=\"http:\/\/www.lexvelarde.com\/es\/wp-content\/uploads\/2014\/05\/dolores-musculares-300x220.jpg\" alt=\"dolores musculares\" width=\"300\" height=\"220\" srcset=\"http:\/\/www.lexvelarde.com\/es\/wp-content\/uploads\/2014\/05\/dolores-musculares-300x220.jpg 300w, http:\/\/www.lexvelarde.com\/es\/wp-content\/uploads\/2014\/05\/dolores-musculares.jpg 431w\" sizes=\"auto, (max-width: 300px) 100vw, 300px\" \/><\/a><\/p>\n<p>Aproximadamente el 70% de la lista de enfermedades con la que un m\u00e9dico cuenta, caen en la categor\u00eda de Enfermedad Psicosom\u00e1tica.<\/p>\n<p><em>Psico<\/em> se refiere a la mente y <em>Som\u00e1tico<\/em> se refiere al cuerpo; el t\u00e9rmino psicosom\u00e1tico significa la mente enfermando al cuerpo o enfermedades que se han creado f\u00edsicamente dentro del cuerpo a causa de la mente.<\/p>\n<p>Estas son s\u00f3lo algunas de las categor\u00edas de enfermedades psicosom\u00e1ticas:<\/p>\n<p><!-- [if gte mso 9]><xml>\n<o:OfficeDocumentSettings>\n<o:AllowPNG\/>\n<\/o:OfficeDocumentSettings>\n<\/xml><![endif]--><\/p>\n<table style=\"height: 217px;\" border=\"1\" width=\"901\" cellspacing=\"0\" cellpadding=\"0\">\n<tbody>\n<tr>\n<td valign=\"top\" width=\"367\">\u2022 Dolores de cabeza tipo migra\u00f1a<br \/>\n\u2022 Dolores en distintas partes del cuerpo<br \/>\n\u2022 Artritis<br \/>\n\u2022 Dolores Musculo esquel\u00e9ticos<br \/>\n\u2022 Problemas Cardiovasculares<br \/>\n\u2022 Gripa Cr\u00f3nica<br \/>\n\u2022 Alergias<\/td>\n<td valign=\"top\" width=\"367\">\u2022 Asma<br \/>\n\u2022 Dermatitis<br \/>\n\u2022 \u00dalceras, Acides<br \/>\n\u2022 Sinusitis\u2022 Problemas de Espalda<br \/>\n\u2022 Problemas oculares (de ojo)<br \/>\n\u2022 Dolores Extra\u00f1os<\/td>\n<\/tr>\n<\/tbody>\n<\/table>\n<p><span lang=\"ES-MX\" style=\"mso-ansi-language: ES-MX;\">\u00a0<\/span>Hay dos tipos de enfermedades: <em>aut\u00f3genetico<\/em> y <em>exogenetico<\/em> que ser\u00e1 explicados durante la sesi\u00f3n de terapia.<\/p>\n<h1 style=\"text-align: center;\"><\/h1>\n<h1 style=\"text-align: center;\"><\/h1>\n<h1 style=\"text-align: center;\"><strong>Terapia Espiritual<\/strong><\/h1>\n<p><a href=\"http:\/\/www.lexvelarde.com\/es\/wp-content\/uploads\/2014\/05\/Paz.jpg\"><img loading=\"lazy\" decoding=\"async\" class=\"alignright size-full wp-image-122\" src=\"http:\/\/www.lexvelarde.com\/es\/wp-content\/uploads\/2014\/05\/Paz.jpg\" alt=\"Paz\" width=\"274\" height=\"184\" \/><\/a><\/p>\n<p>Debemos saber que hay una fuerza Superior, algo m\u00e1s grade y divino que nosotros. De lo contrario, \u00bfc\u00f3mo pudi\u00e9ramos pretender<\/p>\n<p>en superar un obst\u00e1culo o problema mucho m\u00e1s grande que el de nuestras capacidades? \u00bfC\u00f3mo alcanzar esa energ\u00eda m\u00e1s all\u00e1 de lo ordinario? No se confunda con religi\u00f3n.<\/p>\n<p>Estas son algunas de las \u00e1reas que le podemos ayudar a Encontrar, Superar o Mejorar:<\/p>\n<table style=\"height: 217px;\" border=\"1\" width=\"901\" cellspacing=\"0\" cellpadding=\"0\">\n<tbody>\n<tr>\n<td valign=\"top\" width=\"367\">\n<ul>\n<li>Felicidad<\/li>\n<li>Confianza<\/li>\n<li>Saber Perdonar<\/li>\n<li>Fe<\/li>\n<li>Prop\u00f3sito en la Vida<\/li>\n<li>Personalidad<\/li>\n<li>Fuerza Vital<\/li>\n<li>Concientizar<\/li>\n<li>Disciplina<\/li>\n<\/ul>\n<ul>\n<li>Integridad<\/li>\n<\/ul>\n<\/td>\n<td valign=\"top\" width=\"367\">\u2022 Determinaci\u00f3n<br \/>\n\u2022 Persistencia<br \/>\n\u2022 Paz<br \/>\n\u2022 Confianza<br \/>\n\u2022 Convicci\u00f3n<br \/>\n\u2022 Inteligencia<br \/>\n\u2022 Una Buena Esencia<br \/>\n\u2022 Viveza\u2022 \u00c9tica<\/td>\n<\/tr>\n<\/tbody>\n<\/table>\n<h4>Imagine una vida sin aberraciones, sin enfermedades y sin remordimientos. \u00a1Cientos de personas est\u00e1n alcanzando este estilo de vida alrededor del mundo y t\u00fa tambi\u00e9n lo puedes lograr!<\/h4>\n<p>La mejor parte es nuestros precios. Comparado a otras agencias que cobran entre $130 y $150 d\u00f3lares por sesi\u00f3n. Nuestro objetivo es ayudar a la mayor cantidad de gente posible y que sea realmente accesible para todos, por lo que s\u00f3lo costar\u00e1 $70 d\u00f3lares la sesi\u00f3n (45 min).<\/p>\n<h4>Usted puede empezar a mejorar su vida con la mitad del costo. As\u00ed que llame hoy!<\/h4>\n<h2><\/h2>\n<h2 style=\"text-align: center;\">\u00a0\u00a1Comience un Nuevo Viaje Hoy!<\/h2>\n<h3><strong>Precio Especial: 50 d\u00f3lares la sesi\u00f3n por este mes.<br \/>\n<\/strong><\/h3>\n<p><a href=\"http:\/\/www.lexvelarde.com\/es\/wp-content\/uploads\/2014\/05\/contactanos-619-866.jpg\"><img loading=\"lazy\" decoding=\"async\" class=\"aligncenter wp-image-268 size-full\" src=\"http:\/\/www.lexvelarde.com\/es\/wp-content\/uploads\/2014\/05\/contactanos-619-866.jpg\" alt=\"contactanos 619 866\" width=\"600\" height=\"75\" srcset=\"http:\/\/www.lexvelarde.com\/es\/wp-content\/uploads\/2014\/05\/contactanos-619-866.jpg 600w, http:\/\/www.lexvelarde.com\/es\/wp-content\/uploads\/2014\/05\/contactanos-619-866-300x37.jpg 300w\" sizes=\"auto, (max-width: 600px) 100vw, 600px\" \/><\/a><\/p>\n<p>&#8212;&#8212;&#8212;&#8212;&#8212;&#8212;&#8212;&#8212;&#8212;&#8212;&#8212;&#8212;&#8212;&#8212;&#8212;&#8212;&#8212;&#8212;&#8212;&#8212;&#8212;&#8212;&#8212;&#8212;&#8212;&#8212;&#8212;&#8212;&#8212;&#8212;&#8212;&#8212;&#8212;&#8212;&#8212;&#8212;&#8212;&#8212;&#8212;&#8212;&#8212;&#8212;&#8212;&#8212;&#8212;&#8212;&#8212;&#8212;&#8212;&#8212;&#8212;&#8212;&#8212;&#8212;&#8212;&#8212;&#8212;&#8212;<\/p>\n<form action=\"https:\/\/www.paypal.com\/cgi-bin\/webscr\" method=\"post\" target=\"_top\"><input name=\"cmd\" type=\"hidden\" value=\"_s-xclick\" \/><br \/>\n<input name=\"hosted_button_id\" type=\"hidden\" value=\"D2UBDFATGCZD4\" \/><\/p>\n<table>\n<tbody>\n<tr>\n<td><input name=\"on0\" type=\"hidden\" value=\"Options\" \/>Options<\/td>\n<\/tr>\n<tr>\n<td><select name=\"os0\"><option value=\"Therapy 1 Session\">Therapy 1 Session $85.00 USD<\/option><option value=\"Therapy 2 Sessions\">Therapy 2 Sessions $150.00 USD<\/option><option value=\"Therapy 4 Sessions\">Therapy 4 Sessions $200.00 USD<\/option><option value=\"DVD\">DVD $40.00 USD<\/option><option value=\"Therapy On the Go\">Therapy On the Go $50.00 USD<\/option><\/select><\/td>\n<\/tr>\n<\/tbody>\n<\/table>\n<p><input name=\"currency_code\" type=\"hidden\" value=\"USD\" \/><br \/>\n<input alt=\"PayPal - The safer, easier way to pay online!\" name=\"submit\" src=\"https:\/\/www.paypalobjects.com\/en_US\/i\/btn\/btn_buynowCC_LG.gif\" type=\"image\" \/><br \/>\n<img loading=\"lazy\" decoding=\"async\" src=\"https:\/\/www.paypalobjects.com\/en_US\/i\/scr\/pixel.gif\" alt=\"\" width=\"1\" height=\"1\" border=\"0\" \/><\/p>\n<\/form>\n<h6>*No usamos los m\u00e9todos tradicionales bajo ninguno de los c\u00f3digos de la ley de California en Terapia Familiar. Nuestros m\u00e9todos tienen el prop\u00f3sito solemne de ayudar y restablecer una relaci\u00f3n saludable con su pareja o familiar.<\/h6>\n","protected":false},"excerpt":{"rendered":"<p>La Terapia Emocional, F\u00edsica y Espiritual es un programa completo que no s\u00f3lo ofrece terapia para la Mente sino tambi\u00e9n para el Cuerpo y Alma. Podemos Ayudarle a Superar: Desequilibrios Emocionales La mejor parte de nuestro m\u00e9todo es que le podemos ayudar a superar desequilibrios emocionales, enfermedades f\u00edsicas o angustias sin tomar ning\u00fan tipo de [&hellip;]<\/p>\n","protected":false},"author":1,"featured_media":37,"parent":0,"menu_order":0,"comment_status":"closed","ping_status":"open","template":"","meta":{"footnotes":""},"class_list":["post-10","page","type-page","status-publish","has-post-thumbnail"],"_links":{"self":[{"href":"http:\/\/www.lexvelarde.com\/es\/wp-json\/wp\/v2\/pages\/10","targetHints":{"allow":["GET"]}}],"collection":[{"href":"http:\/\/www.lexvelarde.com\/es\/wp-json\/wp\/v2\/pages"}],"about":[{"href":"http:\/\/www.lexvelarde.com\/es\/wp-json\/wp\/v2\/types\/page"}],"author":[{"embeddable":true,"href":"http:\/\/www.lexvelarde.com\/es\/wp-json\/wp\/v2\/users\/1"}],"replies":[{"embeddable":true,"href":"http:\/\/www.lexvelarde.com\/es\/wp-json\/wp\/v2\/comments?post=10"}],"version-history":[{"count":85,"href":"http:\/\/www.lexvelarde.com\/es\/wp-json\/wp\/v2\/pages\/10\/revisions"}],"predecessor-version":[{"id":278,"href":"http:\/\/www.lexvelarde.com\/es\/wp-json\/wp\/v2\/pages\/10\/revisions\/278"}],"wp:featuredmedia":[{"embeddable":true,"href":"http:\/\/www.lexvelarde.com\/es\/wp-json\/wp\/v2\/media\/37"}],"wp:attachment":[{"href":"http:\/\/www.lexvelarde.com\/es\/wp-json\/wp\/v2\/media?parent=10"}],"curies":[{"name":"wp","href":"https:\/\/api.w.org\/{rel}","templated":true}]}}