{"id":12,"date":"2014-05-02T21:10:33","date_gmt":"2014-05-02T21:10:33","guid":{"rendered":"http:\/\/www.lexvelarde.com\/es\/?page_id=12"},"modified":"2015-05-11T19:07:52","modified_gmt":"2015-05-11T19:07:52","slug":"eventos","status":"publish","type":"page","link":"http:\/\/www.lexvelarde.com\/es\/eventos\/","title":{"rendered":"Eventos"},"content":{"rendered":"<p>&nbsp;<\/p>\n<h2>Pr\u00f3xima Conferencia\u00a0 Mi\u00e9rcoles 27 de Mayo en Ingles 7pm a 8:30pm.<\/h2>\n<h2>\u00a0<a href=\"http:\/\/www.lexvelarde.com\/es\/wp-content\/uploads\/2014\/05\/Improving-Relations.jpg\"><img loading=\"lazy\" decoding=\"async\" class=\"alignnone size-large wp-image-265\" src=\"http:\/\/www.lexvelarde.com\/es\/wp-content\/uploads\/2014\/05\/Improving-Relations-1024x731.jpg\" alt=\"Improving Relations\" width=\"1024\" height=\"731\" srcset=\"http:\/\/www.lexvelarde.com\/es\/wp-content\/uploads\/2014\/05\/Improving-Relations-1024x731.jpg 1024w, http:\/\/www.lexvelarde.com\/es\/wp-content\/uploads\/2014\/05\/Improving-Relations-300x214.jpg 300w\" sizes=\"auto, (max-width: 1024px) 100vw, 1024px\" \/><\/a><\/h2>\n<div id=\"attachment_262\" style=\"width: 310px\" class=\"wp-caption alignnone\"><a href=\"http:\/\/www.lexvelarde.com\/es\/wp-content\/uploads\/2014\/05\/Mejorando-Relaciones-Flyer-completo1.jpg\"><img loading=\"lazy\" decoding=\"async\" aria-describedby=\"caption-attachment-262\" class=\"wp-image-262 size-medium\" src=\"http:\/\/www.lexvelarde.com\/es\/wp-content\/uploads\/2014\/05\/Mejorando-Relaciones-Flyer-completo1-300x214.jpg\" alt=\"Mejorando Relaciones por Lex A. Velarde\" width=\"300\" height=\"214\" srcset=\"http:\/\/www.lexvelarde.com\/es\/wp-content\/uploads\/2014\/05\/Mejorando-Relaciones-Flyer-completo1-300x214.jpg 300w, http:\/\/www.lexvelarde.com\/es\/wp-content\/uploads\/2014\/05\/Mejorando-Relaciones-Flyer-completo1-1024x731.jpg 1024w\" sizes=\"auto, (max-width: 300px) 100vw, 300px\" \/><\/a><p id=\"caption-attachment-262\" class=\"wp-caption-text\">Mejorando Relaciones por Lex A. Velarde<\/p><\/div>\n<p>&nbsp;<\/p>\n<p>&nbsp;<\/p>\n<p><strong>\u00a0<\/strong><strong><a href=\"http:\/\/www.lexvelarde.com\/es\/wp-content\/uploads\/2014\/05\/Los-7-Miedos.jpg\"><img loading=\"lazy\" decoding=\"async\" class=\"alignnone  wp-image-243\" src=\"http:\/\/www.lexvelarde.com\/es\/wp-content\/uploads\/2014\/05\/Los-7-Miedos-300x225.jpg\" alt=\"Los 7 Miedos\" width=\"349\" height=\"262\" srcset=\"http:\/\/www.lexvelarde.com\/es\/wp-content\/uploads\/2014\/05\/Los-7-Miedos-300x225.jpg 300w, http:\/\/www.lexvelarde.com\/es\/wp-content\/uploads\/2014\/05\/Los-7-Miedos.jpg 842w\" sizes=\"auto, (max-width: 349px) 100vw, 349px\" \/><\/a><\/strong><strong><a href=\"http:\/\/www.lexvelarde.com\/es\/wp-content\/uploads\/2014\/05\/Boletos-Lex-Front-4.jpg\"><img loading=\"lazy\" decoding=\"async\" class=\"alignnone  wp-image-159\" src=\"http:\/\/www.lexvelarde.com\/es\/wp-content\/uploads\/2014\/05\/Boletos-Lex-Front-4-300x150.jpg\" alt=\"Boletos-Lex-Front 4\" width=\"460\" height=\"230\" srcset=\"http:\/\/www.lexvelarde.com\/es\/wp-content\/uploads\/2014\/05\/Boletos-Lex-Front-4-300x150.jpg 300w, http:\/\/www.lexvelarde.com\/es\/wp-content\/uploads\/2014\/05\/Boletos-Lex-Front-4-1024x512.jpg 1024w, http:\/\/www.lexvelarde.com\/es\/wp-content\/uploads\/2014\/05\/Boletos-Lex-Front-4.jpg 1800w\" sizes=\"auto, (max-width: 460px) 100vw, 460px\" \/><\/a>\u00a0\u00a0 <a href=\"http:\/\/www.lexvelarde.com\/es\/wp-content\/uploads\/2014\/05\/Rompiendo-las-ataduras-del-pasado.jpg\"><img loading=\"lazy\" decoding=\"async\" class=\"alignnone  wp-image-244\" src=\"http:\/\/www.lexvelarde.com\/es\/wp-content\/uploads\/2014\/05\/Rompiendo-las-ataduras-del-pasado-300x232.jpg\" alt=\"Rompiendo las ataduras del pasado\" width=\"358\" height=\"277\" srcset=\"http:\/\/www.lexvelarde.com\/es\/wp-content\/uploads\/2014\/05\/Rompiendo-las-ataduras-del-pasado-300x232.jpg 300w, http:\/\/www.lexvelarde.com\/es\/wp-content\/uploads\/2014\/05\/Rompiendo-las-ataduras-del-pasado.jpg 720w\" sizes=\"auto, (max-width: 358px) 100vw, 358px\" \/><\/a> <a href=\"http:\/\/www.lexvelarde.com\/es\/wp-content\/uploads\/2014\/05\/El-poder-del-perdon.jpg\"><img loading=\"lazy\" decoding=\"async\" class=\"alignnone  wp-image-242\" src=\"http:\/\/www.lexvelarde.com\/es\/wp-content\/uploads\/2014\/05\/El-poder-del-perdon-300x116.jpg\" alt=\"El poder del perdon\" width=\"445\" height=\"172\" srcset=\"http:\/\/www.lexvelarde.com\/es\/wp-content\/uploads\/2014\/05\/El-poder-del-perdon-300x116.jpg 300w, http:\/\/www.lexvelarde.com\/es\/wp-content\/uploads\/2014\/05\/El-poder-del-perdon-1024x395.jpg 1024w, http:\/\/www.lexvelarde.com\/es\/wp-content\/uploads\/2014\/05\/El-poder-del-perdon.jpg 1650w\" sizes=\"auto, (max-width: 445px) 100vw, 445px\" \/><\/a> <a href=\"http:\/\/www.lexvelarde.com\/es\/wp-content\/uploads\/2014\/05\/BoletosLexv1.jpg\"><img loading=\"lazy\" decoding=\"async\" class=\"alignnone  wp-image-241\" src=\"http:\/\/www.lexvelarde.com\/es\/wp-content\/uploads\/2014\/05\/BoletosLexv1-300x137.jpg\" alt=\"BoletosLexv1\" width=\"440\" height=\"201\" srcset=\"http:\/\/www.lexvelarde.com\/es\/wp-content\/uploads\/2014\/05\/BoletosLexv1-300x137.jpg 300w, http:\/\/www.lexvelarde.com\/es\/wp-content\/uploads\/2014\/05\/BoletosLexv1-1024x469.jpg 1024w, http:\/\/www.lexvelarde.com\/es\/wp-content\/uploads\/2014\/05\/BoletosLexv1.jpg 1800w\" sizes=\"auto, (max-width: 440px) 100vw, 440px\" \/><\/a> <a href=\"http:\/\/www.lexvelarde.com\/es\/wp-content\/uploads\/2014\/05\/BoletosLexv2-Front.jpg\"><img loading=\"lazy\" decoding=\"async\" class=\"alignnone  wp-image-240\" src=\"http:\/\/www.lexvelarde.com\/es\/wp-content\/uploads\/2014\/05\/BoletosLexv2-Front-300x137.jpg\" alt=\"BoletosLexv2-Front\" width=\"445\" height=\"203\" srcset=\"http:\/\/www.lexvelarde.com\/es\/wp-content\/uploads\/2014\/05\/BoletosLexv2-Front-300x137.jpg 300w, http:\/\/www.lexvelarde.com\/es\/wp-content\/uploads\/2014\/05\/BoletosLexv2-Front-1024x469.jpg 1024w, http:\/\/www.lexvelarde.com\/es\/wp-content\/uploads\/2014\/05\/BoletosLexv2-Front.jpg 1800w\" sizes=\"auto, (max-width: 445px) 100vw, 445px\" \/><\/a><\/strong><\/p>\n<h2><\/h2>\n<h3><a href=\"http:\/\/www.lexvelarde.com\/es\/wp-content\/uploads\/2014\/05\/10402646_10204207111721851_4233692155140240185_n.jpg\"><img loading=\"lazy\" decoding=\"async\" class=\"alignnone  wp-image-194\" src=\"http:\/\/www.lexvelarde.com\/es\/wp-content\/uploads\/2014\/05\/10402646_10204207111721851_4233692155140240185_n-300x168.jpg\" alt=\"10402646_10204207111721851_4233692155140240185_n\" width=\"380\" height=\"213\" srcset=\"http:\/\/www.lexvelarde.com\/es\/wp-content\/uploads\/2014\/05\/10402646_10204207111721851_4233692155140240185_n-300x168.jpg 300w, http:\/\/www.lexvelarde.com\/es\/wp-content\/uploads\/2014\/05\/10402646_10204207111721851_4233692155140240185_n.jpg 959w\" sizes=\"auto, (max-width: 380px) 100vw, 380px\" \/><\/a> <a href=\"http:\/\/www.lexvelarde.com\/es\/wp-content\/uploads\/2014\/05\/10388138_730911236965220_7590417476509269053_n.jpg\"><img loading=\"lazy\" decoding=\"async\" class=\"alignnone size-medium wp-image-193\" src=\"http:\/\/www.lexvelarde.com\/es\/wp-content\/uploads\/2014\/05\/10388138_730911236965220_7590417476509269053_n-300x225.jpg\" alt=\"10388138_730911236965220_7590417476509269053_n\" width=\"300\" height=\"225\" srcset=\"http:\/\/www.lexvelarde.com\/es\/wp-content\/uploads\/2014\/05\/10388138_730911236965220_7590417476509269053_n-300x225.jpg 300w, http:\/\/www.lexvelarde.com\/es\/wp-content\/uploads\/2014\/05\/10388138_730911236965220_7590417476509269053_n.jpg 960w\" sizes=\"auto, (max-width: 300px) 100vw, 300px\" \/><\/a> <a href=\"http:\/\/www.lexvelarde.com\/es\/wp-content\/uploads\/2014\/05\/1498128_10152465977032907_2001562912_o.jpg\"><img loading=\"lazy\" decoding=\"async\" class=\"alignnone size-medium wp-image-192\" src=\"http:\/\/www.lexvelarde.com\/es\/wp-content\/uploads\/2014\/05\/1498128_10152465977032907_2001562912_o-300x199.jpg\" alt=\"1498128_10152465977032907_2001562912_o\" width=\"300\" height=\"199\" srcset=\"http:\/\/www.lexvelarde.com\/es\/wp-content\/uploads\/2014\/05\/1498128_10152465977032907_2001562912_o-300x199.jpg 300w, http:\/\/www.lexvelarde.com\/es\/wp-content\/uploads\/2014\/05\/1498128_10152465977032907_2001562912_o-1024x682.jpg 1024w, http:\/\/www.lexvelarde.com\/es\/wp-content\/uploads\/2014\/05\/1498128_10152465977032907_2001562912_o.jpg 2048w\" sizes=\"auto, (max-width: 300px) 100vw, 300px\" \/><\/a> <a href=\"http:\/\/www.lexvelarde.com\/es\/wp-content\/uploads\/2014\/05\/DSC_0104.jpg\"><img loading=\"lazy\" decoding=\"async\" class=\"alignnone size-medium wp-image-152\" src=\"http:\/\/www.lexvelarde.com\/es\/wp-content\/uploads\/2014\/05\/DSC_0104-300x200.jpg\" alt=\"DSC_0104\" width=\"300\" height=\"200\" srcset=\"http:\/\/www.lexvelarde.com\/es\/wp-content\/uploads\/2014\/05\/DSC_0104-300x200.jpg 300w, http:\/\/www.lexvelarde.com\/es\/wp-content\/uploads\/2014\/05\/DSC_0104-1024x685.jpg 1024w\" sizes=\"auto, (max-width: 300px) 100vw, 300px\" \/><\/a> <a href=\"http:\/\/www.lexvelarde.com\/es\/wp-content\/uploads\/2014\/05\/DSC_3325.jpg\"><img loading=\"lazy\" decoding=\"async\" class=\"alignnone size-medium wp-image-153\" src=\"http:\/\/www.lexvelarde.com\/es\/wp-content\/uploads\/2014\/05\/DSC_3325-300x200.jpg\" alt=\"DSC_3325\" width=\"300\" height=\"200\" srcset=\"http:\/\/www.lexvelarde.com\/es\/wp-content\/uploads\/2014\/05\/DSC_3325-300x200.jpg 300w, http:\/\/www.lexvelarde.com\/es\/wp-content\/uploads\/2014\/05\/DSC_3325-1024x685.jpg 1024w\" sizes=\"auto, (max-width: 300px) 100vw, 300px\" \/><\/a> <a href=\"http:\/\/www.lexvelarde.com\/es\/wp-content\/uploads\/2014\/05\/Confernece.jpg\"><img loading=\"lazy\" decoding=\"async\" class=\"alignnone size-medium wp-image-150\" src=\"http:\/\/www.lexvelarde.com\/es\/wp-content\/uploads\/2014\/05\/Confernece-300x200.jpg\" alt=\"Confernece\" width=\"300\" height=\"200\" srcset=\"http:\/\/www.lexvelarde.com\/es\/wp-content\/uploads\/2014\/05\/Confernece-300x200.jpg 300w, http:\/\/www.lexvelarde.com\/es\/wp-content\/uploads\/2014\/05\/Confernece-1024x685.jpg 1024w\" sizes=\"auto, (max-width: 300px) 100vw, 300px\" \/><\/a> <a href=\"http:\/\/www.lexvelarde.com\/es\/wp-content\/uploads\/2014\/05\/DSC_0103.jpg\"><img loading=\"lazy\" decoding=\"async\" class=\"alignnone size-medium wp-image-151\" src=\"http:\/\/www.lexvelarde.com\/es\/wp-content\/uploads\/2014\/05\/DSC_0103-300x200.jpg\" alt=\"DSC_0103\" width=\"300\" height=\"200\" srcset=\"http:\/\/www.lexvelarde.com\/es\/wp-content\/uploads\/2014\/05\/DSC_0103-300x200.jpg 300w, http:\/\/www.lexvelarde.com\/es\/wp-content\/uploads\/2014\/05\/DSC_0103-1024x685.jpg 1024w\" sizes=\"auto, (max-width: 300px) 100vw, 300px\" \/><\/a> <a href=\"http:\/\/www.lexvelarde.com\/es\/wp-content\/uploads\/2014\/05\/DSC_3529.jpg\"><img loading=\"lazy\" decoding=\"async\" class=\"alignnone size-medium wp-image-50\" src=\"http:\/\/www.lexvelarde.com\/es\/wp-content\/uploads\/2014\/05\/DSC_3529-200x300.jpg\" alt=\"Therapy Overcoming Depresion\" width=\"200\" height=\"300\" srcset=\"http:\/\/www.lexvelarde.com\/es\/wp-content\/uploads\/2014\/05\/DSC_3529-200x300.jpg 200w, http:\/\/www.lexvelarde.com\/es\/wp-content\/uploads\/2014\/05\/DSC_3529-685x1024.jpg 685w\" sizes=\"auto, (max-width: 200px) 100vw, 200px\" \/><\/a> <a href=\"http:\/\/www.lexvelarde.com\/es\/wp-content\/uploads\/2014\/05\/conference-2.jpg\"><img loading=\"lazy\" decoding=\"async\" class=\"alignnone size-medium wp-image-145\" src=\"http:\/\/www.lexvelarde.com\/es\/wp-content\/uploads\/2014\/05\/conference-2-300x200.jpg\" alt=\"conference 2\" width=\"300\" height=\"200\" srcset=\"http:\/\/www.lexvelarde.com\/es\/wp-content\/uploads\/2014\/05\/conference-2-300x200.jpg 300w, http:\/\/www.lexvelarde.com\/es\/wp-content\/uploads\/2014\/05\/conference-2-1024x685.jpg 1024w\" sizes=\"auto, (max-width: 300px) 100vw, 300px\" \/><\/a><\/h3>\n<p>&nbsp;<\/p>\n<p>&nbsp;<\/p>\n<h3>Presio $20.00dlls por boleto. Recuerda, si presentas el flyer del evento en la entrada tendr\u00e1s un <span style=\"color: #0000ff;\">reembolso de $10.00dlls<\/span> por boleto. Si no cuentas con flyer puedes imprimirlo en esta p\u00e1gina.<\/h3>\n<p>&nbsp;<\/p>\n<h4>Para m\u00e1s informaci\u00f3n llamar al (619) 866-6925<\/h4>\n<form action=\"https:\/\/www.paypal.com\/cgi-bin\/webscr\" method=\"post\" target=\"_top\"><input name=\"cmd\" type=\"hidden\" value=\"_s-xclick\" \/><br \/>\n<input name=\"hosted_button_id\" type=\"hidden\" value=\"QNQZARV8X5YZ4\" \/><br \/>\n<input alt=\"PayPal - The safer, easier way to pay online!\" name=\"submit\" src=\"https:\/\/www.paypalobjects.com\/en_US\/i\/btn\/btn_buynowCC_LG.gif\" type=\"image\" \/><br \/>\n<img loading=\"lazy\" decoding=\"async\" src=\"https:\/\/www.paypalobjects.com\/en_US\/i\/scr\/pixel.gif\" alt=\"\" width=\"1\" height=\"1\" border=\"0\" \/><\/form>\n","protected":false},"excerpt":{"rendered":"<p>&nbsp; Pr\u00f3xima Conferencia\u00a0 Mi\u00e9rcoles 27 de Mayo en Ingles 7pm a 8:30pm. \u00a0 &nbsp; &nbsp; \u00a0\u00a0\u00a0 &nbsp; &nbsp; Presio $20.00dlls por boleto. Recuerda, si presentas el flyer del evento en la entrada tendr\u00e1s un reembolso de $10.00dlls por boleto. Si no cuentas con flyer puedes imprimirlo en esta p\u00e1gina. &nbsp; Para m\u00e1s informaci\u00f3n llamar al [&hellip;]<\/p>\n","protected":false},"author":1,"featured_media":0,"parent":0,"menu_order":0,"comment_status":"closed","ping_status":"open","template":"","meta":{"footnotes":""},"class_list":["post-12","page","type-page","status-publish"],"_links":{"self":[{"href":"http:\/\/www.lexvelarde.com\/es\/wp-json\/wp\/v2\/pages\/12","targetHints":{"allow":["GET"]}}],"collection":[{"href":"http:\/\/www.lexvelarde.com\/es\/wp-json\/wp\/v2\/pages"}],"about":[{"href":"http:\/\/www.lexvelarde.com\/es\/wp-json\/wp\/v2\/types\/page"}],"author":[{"embeddable":true,"href":"http:\/\/www.lexvelarde.com\/es\/wp-json\/wp\/v2\/users\/1"}],"replies":[{"embeddable":true,"href":"http:\/\/www.lexvelarde.com\/es\/wp-json\/wp\/v2\/comments?post=12"}],"version-history":[{"count":73,"href":"http:\/\/www.lexvelarde.com\/es\/wp-json\/wp\/v2\/pages\/12\/revisions"}],"predecessor-version":[{"id":266,"href":"http:\/\/www.lexvelarde.com\/es\/wp-json\/wp\/v2\/pages\/12\/revisions\/266"}],"wp:attachment":[{"href":"http:\/\/www.lexvelarde.com\/es\/wp-json\/wp\/v2\/media?parent=12"}],"curies":[{"name":"wp","href":"https:\/\/api.w.org\/{rel}","templated":true}]}}