{"id":8,"date":"2014-05-02T21:09:42","date_gmt":"2014-05-02T21:09:42","guid":{"rendered":"http:\/\/www.lexvelarde.com\/es\/?page_id=8"},"modified":"2020-04-03T22:07:13","modified_gmt":"2020-04-03T22:07:13","slug":"quienes-somos","status":"publish","type":"page","link":"http:\/\/www.lexvelarde.com\/es\/quienes-somos\/","title":{"rendered":"\u00bfQuienes Somos?"},"content":{"rendered":"<p>Mi nombre es Lex A. Velarde, soy Terapeuta Emocional y Conferencista. He impartido conferencias y seminarios sobre varios temas como por ejemplo: <strong>\u201cLos 7 Miedos Principales que Detienen tu Felicidad\u201d, \u201cRompiendo las Ataduras del pasado\u201d, \u201cEl Poder del Perd\u00f3n\u201d, \u201c Combatiendo al<\/strong> <a href=\"http:\/\/www.lexvelarde.com\/es\/wp-content\/uploads\/2014\/05\/photo.jpg\"><img loading=\"lazy\" decoding=\"async\" class=\"alignright size-medium wp-image-127\" src=\"http:\/\/www.lexvelarde.com\/es\/wp-content\/uploads\/2014\/05\/photo-300x300.jpg\" alt=\"photo\" width=\"300\" height=\"300\" srcset=\"http:\/\/www.lexvelarde.com\/es\/wp-content\/uploads\/2014\/05\/photo-300x300.jpg 300w, http:\/\/www.lexvelarde.com\/es\/wp-content\/uploads\/2014\/05\/photo-150x150.jpg 150w, http:\/\/www.lexvelarde.com\/es\/wp-content\/uploads\/2014\/05\/photo.jpg 389w\" sizes=\"auto, (max-width: 300px) 100vw, 300px\" \/><\/a><strong>Estr\u00e9s\u201d, \u201cSuperando la Depresi\u00f3n\u201d; entre otros.<\/strong><\/p>\n<p>Despu\u00e9s de cada conferencia recib\u00eda correos electr\u00f3nicos de gente que hab\u00eda asistido a alguna de las mismas y me compart\u00edan c\u00f3mo la conferencia les ayud\u00f3 a mejorar alguna \u00e1rea de su vida, incluso algunas personas me compart\u00edan alg\u00fan problema m\u00e1s complejo que desde hace tiempo han padecido. Lo \u00fanico que pod\u00eda hacer es darles el mejor consejo posible basado en mi conocimiento; pero sent\u00eda que eso no era suficiente. Por lo anterior decid\u00ed estudiar c\u00f3mo es que la mente funciona y me formul\u00e9 las siguientes preguntas: \u00bfQu\u00e9 era lo que causaba aberraciones en las personas? (desbalances emocionales como: estr\u00e9s, depresi\u00f3n, miedo, enojo, inseguridad, baja autoestima, ansiedad, adicci\u00f3n, co-dependencia, traumas, mal comportamiento con otros , etc.).<\/p>\n<p>Haciendo un extenso estudio en las diferentes ramas de la psicolog\u00eda y otras ramas, encontr\u00e9 \u201cLa Ciencia Moderna de la Salud Mental\u201d, la cual me convenci\u00f3 ya que no solo ayuda a superar cualquier inestabilidad emocional pero tambi\u00e9n ayuda a eliminar el problema desde la ra\u00edz, todo sin el uso de medicamentos.<\/p>\n<h4>\u201cUsted ya Posee el Poder de Superaci\u00f3n; S\u00f3lo voy a Ayudarte a Liberar ese Poder\u201d<\/h4>\n<p>Imag\u00ednese una vida sin inestabilidades emocionales, sin aberraciones, que pudiera levantarse por las ma\u00f1anas feliz y con harmon\u00eda en su vida; tener paz y tranquilidad, ser Feliz. \u00bfC\u00f3mo ser\u00eda su vida si pudiera tomar las decisiones m\u00e1s \u00f3ptimas para resolver cualquier problema? \u00a1Imag\u00ednate ser m\u00e1s productivo y energ\u00e9tico, ser lo mejor que pudieras ser! Seas adolecente, adulto o de edad avanzada este es el nivel de vida que puedes alcanzar con nosotros.<\/p>\n<h4>Educaci\u00f3n y Preparaci\u00f3n Adicional:<\/h4>\n<ul>\n<li>San Diego State University<\/li>\n<li>Cetys University<\/li>\n<li>La Ciencia Moderna de la Salud Mental<\/li>\n<li>M\u00e1s de 32 seminarios de Crecimiento y Desarrollo Personal, Liderazgo y Coaching.<\/li>\n<li>13 a\u00f1os de Experiencia en el \u00e1rea de La Salud Mental.<\/li>\n<li>2 a\u00f1os de Experiencia en Tutor\u00eda Infantil<\/li>\n<li>8 a\u00f1o de Experiencia en Coaching Infantil<\/li>\n<li>15 a\u00f1os de Experiencia en Entrenamiento de Liderazgo y Relaciones Sociales.<\/li>\n<\/ul>\n<h3 style=\"text-align: center;\">\u00a0EPS Therapy<\/h3>\n<h3>2566 Catamaran Way<\/h3>\n<h3>Chula Vista, CA 91914<\/h3>\n\n\n<figure class=\"wp-block-image\"><img loading=\"lazy\" decoding=\"async\" width=\"1024\" height=\"576\" src=\"http:\/\/www.lexvelarde.com\/es\/wp-content\/uploads\/2020\/04\/llamanos-terapia-1024x576.jpg\" alt=\"\" class=\"wp-image-285\" srcset=\"http:\/\/www.lexvelarde.com\/es\/wp-content\/uploads\/2020\/04\/llamanos-terapia-1024x576.jpg 1024w, http:\/\/www.lexvelarde.com\/es\/wp-content\/uploads\/2020\/04\/llamanos-terapia-300x169.jpg 300w, http:\/\/www.lexvelarde.com\/es\/wp-content\/uploads\/2020\/04\/llamanos-terapia-768x432.jpg 768w, http:\/\/www.lexvelarde.com\/es\/wp-content\/uploads\/2020\/04\/llamanos-terapia.jpg 1280w\" sizes=\"auto, (max-width: 1024px) 100vw, 1024px\" \/><\/figure>\n","protected":false},"excerpt":{"rendered":"<p>Mi nombre es Lex A. Velarde, soy Terapeuta Emocional y Conferencista. He impartido conferencias y seminarios sobre varios temas como por ejemplo: \u201cLos 7 Miedos Principales que Detienen tu Felicidad\u201d, \u201cRompiendo las Ataduras del pasado\u201d, \u201cEl Poder del Perd\u00f3n\u201d, \u201c Combatiendo al Estr\u00e9s\u201d, \u201cSuperando la Depresi\u00f3n\u201d; entre otros. Despu\u00e9s de cada conferencia recib\u00eda correos electr\u00f3nicos [&hellip;]<\/p>\n","protected":false},"author":1,"featured_media":127,"parent":0,"menu_order":0,"comment_status":"closed","ping_status":"open","template":"","meta":{"footnotes":""},"class_list":["post-8","page","type-page","status-publish","has-post-thumbnail"],"_links":{"self":[{"href":"http:\/\/www.lexvelarde.com\/es\/wp-json\/wp\/v2\/pages\/8","targetHints":{"allow":["GET"]}}],"collection":[{"href":"http:\/\/www.lexvelarde.com\/es\/wp-json\/wp\/v2\/pages"}],"about":[{"href":"http:\/\/www.lexvelarde.com\/es\/wp-json\/wp\/v2\/types\/page"}],"author":[{"embeddable":true,"href":"http:\/\/www.lexvelarde.com\/es\/wp-json\/wp\/v2\/users\/1"}],"replies":[{"embeddable":true,"href":"http:\/\/www.lexvelarde.com\/es\/wp-json\/wp\/v2\/comments?post=8"}],"version-history":[{"count":14,"href":"http:\/\/www.lexvelarde.com\/es\/wp-json\/wp\/v2\/pages\/8\/revisions"}],"predecessor-version":[{"id":291,"href":"http:\/\/www.lexvelarde.com\/es\/wp-json\/wp\/v2\/pages\/8\/revisions\/291"}],"wp:featuredmedia":[{"embeddable":true,"href":"http:\/\/www.lexvelarde.com\/es\/wp-json\/wp\/v2\/media\/127"}],"wp:attachment":[{"href":"http:\/\/www.lexvelarde.com\/es\/wp-json\/wp\/v2\/media?parent=8"}],"curies":[{"name":"wp","href":"https:\/\/api.w.org\/{rel}","templated":true}]}}